{"id":2274,"date":"2024-06-12T18:44:14","date_gmt":"2024-06-12T17:44:14","guid":{"rendered":"https:\/\/www.salpa.com\/?page_id=2274"},"modified":"2024-06-12T18:55:57","modified_gmt":"2024-06-12T17:55:57","slug":"politica-de-medio-ambiente","status":"publish","type":"page","link":"https:\/\/www.salpa.com\/es\/politica-de-medio-ambiente\/","title":{"rendered":"Pol\u00edtica de medio ambiente"},"content":{"rendered":"<div data-elementor-type=\"wp-page\" data-elementor-id=\"2274\" class=\"elementor elementor-2274\" data-elementor-post-type=\"page\">\n\t\t\t\t<div class=\"elementor-element elementor-element-34cd9b0 e-con-full e-flex e-con e-parent\" data-id=\"34cd9b0\" data-element_type=\"container\" data-e-type=\"container\" data-settings=\"{&quot;background_background&quot;:&quot;classic&quot;}\">\n\t\t\t\t<\/div>\n\t\t<div class=\"elementor-element elementor-element-ed79632 e-flex e-con-boxed e-con e-parent\" data-id=\"ed79632\" data-element_type=\"container\" data-e-type=\"container\">\n\t\t\t\t\t<div class=\"e-con-inner\">\n\t\t\t\t<div class=\"elementor-element elementor-element-48dd469 elementor-widget elementor-widget-spacer\" data-id=\"48dd469\" data-element_type=\"widget\" data-e-type=\"widget\" data-widget_type=\"spacer.default\">\n\t\t\t\t<div class=\"elementor-widget-container\">\n\t\t\t\t\t\t\t<div class=\"elementor-spacer\">\n\t\t\t<div class=\"elementor-spacer-inner\"><\/div>\n\t\t<\/div>\n\t\t\t\t\t\t<\/div>\n\t\t\t\t<\/div>\n\t\t\t\t<div class=\"elementor-element elementor-element-2a6992d elementor-widget elementor-widget-heading\" data-id=\"2a6992d\" data-element_type=\"widget\" data-e-type=\"widget\" data-widget_type=\"heading.default\">\n\t\t\t\t<div class=\"elementor-widget-container\">\n\t\t\t\t\t<h2 class=\"elementor-heading-title elementor-size-default\">Pol\u00edtica de medio ambiente<\/h2>\t\t\t\t<\/div>\n\t\t\t\t<\/div>\n\t\t\t\t<div class=\"elementor-element elementor-element-f937ed2 elementor-widget elementor-widget-text-editor\" data-id=\"f937ed2\" data-element_type=\"widget\" data-e-type=\"widget\" data-widget_type=\"text-editor.default\">\n\t\t\t\t<div class=\"elementor-widget-container\">\n\t\t\t\t\t\t\t\t\t<p>N\u00e1utica Salpa est\u00e1 comprometida con la promoci\u00f3n de la sostenibilidad ambiental a trav\u00e9s de una serie de iniciativas y pr\u00e1cticas que reducen el impacto ambiental de sus actividades. Nuestra pol\u00edtica medioambiental se basa en los principios de responsabilidad social corporativa y la adopci\u00f3n de mejores pr\u00e1cticas en el sector de fabricaci\u00f3n naval.<\/p><ol><li><strong>Uso de tecnolog\u00edas de bajo impacto ambiental en la producci\u00f3n:<br \/><\/strong>Durante 2023, implementamos la tecnolog\u00eda de Moldeo por Transferencia de Resina (RTM) para fabricar los componentes de fibra de vidrio de nuestras embarcaciones r\u00edgidas e inflables. Este proceso, caracterizado por moldes cerrados, ha permitido una reducci\u00f3n significativa de las emisiones de estireno a la atm\u00f3sfera, con una disminuci\u00f3n de 95%. Actualmente estamos adoptando la tecnolog\u00eda de infusi\u00f3n al vac\u00edo para la producci\u00f3n de nuestro buque insignia Salpa Soleil 52, reduciendo a\u00fan m\u00e1s las emisiones de estireno.<br \/>Utilizamos gelcoats con bajo contenido de estireno y resinas con menores emisiones est\u00e1ticas que las resinas VE tradicionales. Nuestras resinas y fibras de vidrio est\u00e1n libres de componentes disruptores endocrinos, garantizando la seguridad de nuestros trabajadores y la protecci\u00f3n del medio ambiente.<\/li><li><strong>Producci\u00f3n de energ\u00eda renovable:<\/strong><br \/>Desde 2012 hemos instalado un sistema fotovoltaico en el tejado de la planta de producci\u00f3n con una potencia aproximada de 200 kW, que nos ha permitido producir 2.940.515,40 kWh de electricidad hasta el 31 de diciembre de 2023. Esto se ha traducido en una reducci\u00f3n de emisiones de CO2 igual a 2.058.360,78 kg.<br \/>Para 2024, estamos ampliando nuestro sistema fotovoltaico para aumentar nuestra capacidad de generaci\u00f3n de energ\u00eda renovable a aproximadamente 500 kW, contribuyendo a\u00fan m\u00e1s a la reducci\u00f3n de emisiones.<\/li><li><strong>Innovaci\u00f3n y desarrollo de tecnolog\u00edas sostenibles:<\/strong><br \/>En 2022, presentamos nuestra primera embarcaci\u00f3n h\u00edbrida (di\u00e9sel\/el\u00e9ctrica) en colaboraci\u00f3n con el Instituto CNR Motors, demostrando nuestro compromiso con soluciones de propulsi\u00f3n m\u00e1s eficientes y respetuosas con el medio ambiente.<br \/>Para 2024, estamos desarrollando dise\u00f1os innovadores para embarcaciones r\u00edgidas y neum\u00e1ticas fueraborda totalmente el\u00e9ctricas, integrando dom\u00f3tica a bordo y desarrollando soluciones basadas en inteligencia artificial.<\/li><li><strong>La Direcci\u00f3n de Nautica Salpa Srl se compromete a:<\/strong><br \/>Poner a disposici\u00f3n recursos, medios econ\u00f3micos y capacidades adecuadas para el correcto funcionamiento del Sistema de Gesti\u00f3n Ambiental.<br \/>Definir competencias y responsabilidades en materia ambiental y establecer los procedimientos necesarios para asegurar el eficaz funcionamiento del sistema.<br \/>Asegurar que las actividades se realicen en estricto cumplimiento de las leyes ambientales y regulaciones pertinentes, protegiendo la salud de los trabajadores y el ambiente de trabajo.<br \/>Mejorar continuamente la eficiencia ambiental evaluando la viabilidad econ\u00f3mica de las mejores tecnolog\u00edas disponibles.<br \/>Monitorear los impactos ambientales de las actividades y productos, evaluando constantemente oportunidades de mejora de procesos para reducir los impactos directos e indirectos al medio ambiente.<br \/>Informar e involucrar al personal en el Sistema de Gesti\u00f3n Ambiental, promoviendo la conciencia ambiental a todos los niveles y proporcionando el apoyo e informaci\u00f3n adecuada a clientes y proveedores.<br \/>Colaborar con las autoridades p\u00fablicas para garantizar el cumplimiento de la normativa medioambiental y la protecci\u00f3n del medio ambiente.<br \/>Adoptar medidas para reducir los impactos ambientales en situaciones de emergencia.<\/li><\/ol><p>\u00a0<\/p><p>Nautica Salpa se compromete a seguir mejorando sus pr\u00e1cticas medioambientales, adoptando tecnolog\u00edas de vanguardia y promoviendo la sostenibilidad en todas las fases de nuestra actividad productiva. Somos conscientes de nuestra responsabilidad hacia el medio ambiente y la comunidad y trabajamos constantemente para reducir nuestro impacto ambiental.<\/p>\t\t\t\t\t\t\t\t<\/div>\n\t\t\t\t<\/div>\n\t\t\t\t\t<\/div>\n\t\t\t\t<\/div>\n\t\t\t\t<\/div>","protected":false},"excerpt":{"rendered":"<p>Nautica Salpa si impegna a promuovere la sostenibilit\u00e0 ambientale attraverso una serie di iniziative e pratiche che riducono l&#8217;impatto ambientale delle proprie attivit\u00e0. La nostra politica ambientale si basa sui principi della responsabilit\u00e0 sociale d&#8217;impresa e sull&#8217;adozione delle migliori pratiche nel settore della produzione navale. Utilizzo di tecnologie a basso impatto ambientale nella produzione:Nel corso [&hellip;]<\/p>\n","protected":false},"author":4,"featured_media":0,"parent":0,"menu_order":0,"comment_status":"closed","ping_status":"closed","template":"elementor_header_footer","meta":{"_acf_changed":false,"footnotes":""},"class_list":["post-2274","page","type-page","status-publish","hentry"],"acf":[],"yoast_head":"<!-- This site is optimized with the Yoast SEO plugin v27.4 - https:\/\/yoast.com\/product\/yoast-seo-wordpress\/ -->\n<title>Policy Ambientale - Salpa Yachts<\/title>\n<meta name=\"description\" content=\"Nautica Salpa si impegna a promuovere la sostenibilit\u00e0 ambientale attraverso una serie di iniziative e pratiche che riducono l&#039;impatto ambientale delle\" \/>\n<meta name=\"robots\" content=\"index, follow, max-snippet:-1, max-image-preview:large, max-video-preview:-1\" \/>\n<link rel=\"canonical\" href=\"https:\/\/www.salpa.com\/es\/politica-de-medio-ambiente\/\" \/>\n<meta property=\"og:locale\" content=\"es_ES\" \/>\n<meta property=\"og:type\" content=\"article\" \/>\n<meta property=\"og:title\" content=\"Policy Ambientale - Salpa Yachts\" \/>\n<meta property=\"og:description\" content=\"Nautica Salpa si impegna a promuovere la sostenibilit\u00e0 ambientale attraverso una serie di iniziative e pratiche che riducono l&#039;impatto ambientale delle\" \/>\n<meta property=\"og:url\" content=\"https:\/\/www.salpa.com\/es\/politica-de-medio-ambiente\/\" \/>\n<meta property=\"og:site_name\" content=\"Salpa Yachts\" \/>\n<meta property=\"article:publisher\" content=\"https:\/\/www.facebook.com\/nauticasalpa\" \/>\n<meta property=\"article:modified_time\" content=\"2024-06-12T17:55:57+00:00\" \/>\n<meta name=\"twitter:card\" content=\"summary_large_image\" \/>\n<meta name=\"twitter:label1\" content=\"Tiempo de lectura\" \/>\n\t<meta name=\"twitter:data1\" content=\"3 minutos\" \/>\n<script type=\"application\/ld+json\" class=\"yoast-schema-graph\">{\"@context\":\"https:\\\/\\\/schema.org\",\"@graph\":[{\"@type\":\"WebPage\",\"@id\":\"https:\\\/\\\/www.salpa.com\\\/policy-ambientale\\\/\",\"url\":\"https:\\\/\\\/www.salpa.com\\\/policy-ambientale\\\/\",\"name\":\"Policy Ambientale - Salpa Yachts\",\"isPartOf\":{\"@id\":\"https:\\\/\\\/www.salpa.com\\\/#website\"},\"datePublished\":\"2024-06-12T17:44:14+00:00\",\"dateModified\":\"2024-06-12T17:55:57+00:00\",\"description\":\"Nautica Salpa si impegna a promuovere la sostenibilit\u00e0 ambientale attraverso una serie di iniziative e pratiche che riducono l'impatto ambientale delle\",\"breadcrumb\":{\"@id\":\"https:\\\/\\\/www.salpa.com\\\/policy-ambientale\\\/#breadcrumb\"},\"inLanguage\":\"es\",\"potentialAction\":[{\"@type\":\"ReadAction\",\"target\":[\"https:\\\/\\\/www.salpa.com\\\/policy-ambientale\\\/\"]}]},{\"@type\":\"BreadcrumbList\",\"@id\":\"https:\\\/\\\/www.salpa.com\\\/policy-ambientale\\\/#breadcrumb\",\"itemListElement\":[{\"@type\":\"ListItem\",\"position\":1,\"name\":\"Home\",\"item\":\"https:\\\/\\\/www.salpa.com\\\/\"},{\"@type\":\"ListItem\",\"position\":2,\"name\":\"Policy Ambientale\"}]},{\"@type\":\"WebSite\",\"@id\":\"https:\\\/\\\/www.salpa.com\\\/#website\",\"url\":\"https:\\\/\\\/www.salpa.com\\\/\",\"name\":\"Salpa Yachts\",\"description\":\"Naviga verso l&#039;avventura con Salpa Yachts!\",\"publisher\":{\"@id\":\"https:\\\/\\\/www.salpa.com\\\/#organization\"},\"alternateName\":\"Nautica Salpa srl\",\"potentialAction\":[{\"@type\":\"SearchAction\",\"target\":{\"@type\":\"EntryPoint\",\"urlTemplate\":\"https:\\\/\\\/www.salpa.com\\\/?s={search_term_string}\"},\"query-input\":{\"@type\":\"PropertyValueSpecification\",\"valueRequired\":true,\"valueName\":\"search_term_string\"}}],\"inLanguage\":\"es\"},{\"@type\":\"Organization\",\"@id\":\"https:\\\/\\\/www.salpa.com\\\/#organization\",\"name\":\"Salpa Yachts\",\"alternateName\":\"Nautica Salpa srl\",\"url\":\"https:\\\/\\\/www.salpa.com\\\/\",\"logo\":{\"@type\":\"ImageObject\",\"inLanguage\":\"es\",\"@id\":\"https:\\\/\\\/www.salpa.com\\\/#\\\/schema\\\/logo\\\/image\\\/\",\"url\":\"https:\\\/\\\/www.salpa.com\\\/wp-content\\\/uploads\\\/2023\\\/11\\\/salpa-logo-new.png\",\"contentUrl\":\"https:\\\/\\\/www.salpa.com\\\/wp-content\\\/uploads\\\/2023\\\/11\\\/salpa-logo-new.png\",\"width\":1207,\"height\":417,\"caption\":\"Salpa Yachts\"},\"image\":{\"@id\":\"https:\\\/\\\/www.salpa.com\\\/#\\\/schema\\\/logo\\\/image\\\/\"},\"sameAs\":[\"https:\\\/\\\/www.facebook.com\\\/nauticasalpa\",\"https:\\\/\\\/www.instagram.com\\\/salpa_yachts\\\/\",\"https:\\\/\\\/www.youtube.com\\\/@SalpaYachts\"]}]}<\/script>\n<!-- \/ Yoast SEO plugin. -->","yoast_head_json":{"title":"Pol\u00edtica Medioambiental - Salpa Yates","description":"N\u00e1utica Salpa est\u00e1 comprometida con la promoci\u00f3n de la sostenibilidad ambiental a trav\u00e9s de una serie de iniciativas y pr\u00e1cticas que reducen el impacto ambiental de","robots":{"index":"index","follow":"follow","max-snippet":"max-snippet:-1","max-image-preview":"max-image-preview:large","max-video-preview":"max-video-preview:-1"},"canonical":"https:\/\/www.salpa.com\/es\/politica-de-medio-ambiente\/","og_locale":"es_ES","og_type":"article","og_title":"Policy Ambientale - Salpa Yachts","og_description":"Nautica Salpa si impegna a promuovere la sostenibilit\u00e0 ambientale attraverso una serie di iniziative e pratiche che riducono l'impatto ambientale delle","og_url":"https:\/\/www.salpa.com\/es\/politica-de-medio-ambiente\/","og_site_name":"Salpa Yachts","article_publisher":"https:\/\/www.facebook.com\/nauticasalpa","article_modified_time":"2024-06-12T17:55:57+00:00","twitter_card":"summary_large_image","twitter_misc":{"Tiempo de lectura":"3 minutos"},"schema":{"@context":"https:\/\/schema.org","@graph":[{"@type":"WebPage","@id":"https:\/\/www.salpa.com\/policy-ambientale\/","url":"https:\/\/www.salpa.com\/policy-ambientale\/","name":"Pol\u00edtica Medioambiental - Salpa Yates","isPartOf":{"@id":"https:\/\/www.salpa.com\/#website"},"datePublished":"2024-06-12T17:44:14+00:00","dateModified":"2024-06-12T17:55:57+00:00","description":"N\u00e1utica Salpa est\u00e1 comprometida con la promoci\u00f3n de la sostenibilidad ambiental a trav\u00e9s de una serie de iniciativas y pr\u00e1cticas que reducen el impacto ambiental de","breadcrumb":{"@id":"https:\/\/www.salpa.com\/policy-ambientale\/#breadcrumb"},"inLanguage":"es","potentialAction":[{"@type":"ReadAction","target":["https:\/\/www.salpa.com\/policy-ambientale\/"]}]},{"@type":"BreadcrumbList","@id":"https:\/\/www.salpa.com\/policy-ambientale\/#breadcrumb","itemListElement":[{"@type":"ListItem","position":1,"name":"Home","item":"https:\/\/www.salpa.com\/"},{"@type":"ListItem","position":2,"name":"Policy Ambientale"}]},{"@type":"WebSite","@id":"https:\/\/www.salpa.com\/#website","url":"https:\/\/www.salpa.com\/","name":"Yates Salpa","description":"\u00a1Navega hacia la aventura con Salpa Yachts!","publisher":{"@id":"https:\/\/www.salpa.com\/#organization"},"alternateName":"Nautica Salpa srl","potentialAction":[{"@type":"SearchAction","target":{"@type":"EntryPoint","urlTemplate":"https:\/\/www.salpa.com\/?s={search_term_string}"},"query-input":{"@type":"PropertyValueSpecification","valueRequired":true,"valueName":"search_term_string"}}],"inLanguage":"es"},{"@type":"Organization","@id":"https:\/\/www.salpa.com\/#organization","name":"Yates Salpa","alternateName":"Nautica Salpa srl","url":"https:\/\/www.salpa.com\/","logo":{"@type":"ImageObject","inLanguage":"es","@id":"https:\/\/www.salpa.com\/#\/schema\/logo\/image\/","url":"https:\/\/www.salpa.com\/wp-content\/uploads\/2023\/11\/salpa-logo-new.png","contentUrl":"https:\/\/www.salpa.com\/wp-content\/uploads\/2023\/11\/salpa-logo-new.png","width":1207,"height":417,"caption":"Salpa Yachts"},"image":{"@id":"https:\/\/www.salpa.com\/#\/schema\/logo\/image\/"},"sameAs":["https:\/\/www.facebook.com\/nauticasalpa","https:\/\/www.instagram.com\/salpa_yachts\/","https:\/\/www.youtube.com\/@SalpaYachts"]}]}},"_links":{"self":[{"href":"https:\/\/www.salpa.com\/es\/wp-json\/wp\/v2\/pages\/2274","targetHints":{"allow":["GET"]}}],"collection":[{"href":"https:\/\/www.salpa.com\/es\/wp-json\/wp\/v2\/pages"}],"about":[{"href":"https:\/\/www.salpa.com\/es\/wp-json\/wp\/v2\/types\/page"}],"author":[{"embeddable":true,"href":"https:\/\/www.salpa.com\/es\/wp-json\/wp\/v2\/users\/4"}],"replies":[{"embeddable":true,"href":"https:\/\/www.salpa.com\/es\/wp-json\/wp\/v2\/comments?post=2274"}],"version-history":[{"count":14,"href":"https:\/\/www.salpa.com\/es\/wp-json\/wp\/v2\/pages\/2274\/revisions"}],"predecessor-version":[{"id":2289,"href":"https:\/\/www.salpa.com\/es\/wp-json\/wp\/v2\/pages\/2274\/revisions\/2289"}],"wp:attachment":[{"href":"https:\/\/www.salpa.com\/es\/wp-json\/wp\/v2\/media?parent=2274"}],"curies":[{"name":"wp","href":"https:\/\/api.w.org\/{rel}","templated":true}]}}