{"id":166,"date":"2023-10-15T11:10:50","date_gmt":"2023-10-15T11:10:50","guid":{"rendered":"https:\/\/staging.salpa.com\/?page_id=166"},"modified":"2024-03-28T12:19:15","modified_gmt":"2024-03-28T11:19:15","slug":"local-de-trabalho","status":"publish","type":"page","link":"https:\/\/www.salpa.com\/pt\/local-de-trabalho\/","title":{"rendered":"Local de trabalho"},"content":{"rendered":"<div data-elementor-type=\"wp-page\" data-elementor-id=\"166\" class=\"elementor elementor-166\" data-elementor-post-type=\"page\">\n\t\t\t\t<div class=\"elementor-element elementor-element-e4d63fb e-con-full e-flex e-con e-parent\" data-id=\"e4d63fb\" data-element_type=\"container\" data-e-type=\"container\" data-settings=\"{&quot;background_background&quot;:&quot;video&quot;,&quot;background_video_link&quot;:&quot;\\\/wp-content\\\/uploads\\\/2023\\\/11\\\/cantiere-bw-2.mp4&quot;,&quot;background_video_start&quot;:0,&quot;background_play_on_mobile&quot;:&quot;yes&quot;,&quot;background_privacy_mode&quot;:&quot;yes&quot;}\">\n\t\t<div class=\"elementor-background-video-container\">\n\t\t\t\t\t\t\t<video class=\"elementor-background-video-hosted\" role=\"presentation\" autoplay muted playsinline loop><\/video>\n\t\t\t\t\t<\/div>\t\t<\/div>\n\t\t<div class=\"elementor-element elementor-element-78cd77c e-flex e-con-boxed e-con e-parent\" data-id=\"78cd77c\" data-element_type=\"container\" data-e-type=\"container\">\n\t\t\t\t\t<div class=\"e-con-inner\">\n\t\t\t\t<div class=\"elementor-element elementor-element-c1a2bf1 elementor-widget elementor-widget-spacer\" data-id=\"c1a2bf1\" data-element_type=\"widget\" data-e-type=\"widget\" data-widget_type=\"spacer.default\">\n\t\t\t\t<div class=\"elementor-widget-container\">\n\t\t\t\t\t\t\t<div class=\"elementor-spacer\">\n\t\t\t<div class=\"elementor-spacer-inner\"><\/div>\n\t\t<\/div>\n\t\t\t\t\t\t<\/div>\n\t\t\t\t<\/div>\n\t\t\t\t<div class=\"elementor-element elementor-element-648a707 elementor-widget elementor-widget-heading\" data-id=\"648a707\" data-element_type=\"widget\" data-e-type=\"widget\" data-widget_type=\"heading.default\">\n\t\t\t\t<div class=\"elementor-widget-container\">\n\t\t\t\t\t<h2 class=\"elementor-heading-title elementor-size-default\">Mais de quarenta anos de experi\u00eancia no setor.<\/h2>\t\t\t\t<\/div>\n\t\t\t\t<\/div>\n\t\t\t\t<div class=\"elementor-element elementor-element-111f392 elementor-widget-divider--separator-type-pattern elementor-widget-divider--view-line elementor-widget elementor-widget-divider\" data-id=\"111f392\" data-element_type=\"widget\" data-e-type=\"widget\" data-widget_type=\"divider.default\">\n\t\t\t\t<div class=\"elementor-widget-container\">\n\t\t\t\t\t\t\t<div class=\"elementor-divider\" style=\"--divider-pattern-url: url(&quot;data:image\/svg+xml,%3Csvg xmlns=&#039;http:\/\/www.w3.org\/2000\/svg&#039; preserveAspectRatio=&#039;none&#039; overflow=&#039;visible&#039; height=&#039;100%&#039; viewBox=&#039;0 0 24 24&#039; fill=&#039;none&#039; stroke=&#039;black&#039; stroke-width=&#039;1&#039; stroke-linecap=&#039;square&#039; stroke-miterlimit=&#039;10&#039;%3E%3Cpath d=&#039;M0,6c6,0,0.9,11.1,6.9,11.1S18,6,24,6&#039;\/%3E%3C\/svg%3E&quot;);\">\n\t\t\t<span class=\"elementor-divider-separator\">\n\t\t\t\t\t\t<\/span>\n\t\t<\/div>\n\t\t\t\t\t\t<\/div>\n\t\t\t\t<\/div>\n\t\t\t\t<div class=\"elementor-element elementor-element-75d96cd elementor-widget__width-initial elementor-widget elementor-widget-text-editor\" data-id=\"75d96cd\" data-element_type=\"widget\" data-e-type=\"widget\" data-widget_type=\"text-editor.default\">\n\t\t\t\t<div class=\"elementor-widget-container\">\n\t\t\t\t\t\t\t\t\t<p>A Nautica Salpa foi fundada em 1984, com base em mais de quarenta anos de experi\u00eancia adquirida por Antonio e Enza Pane no setor de barcos de recreio.<\/p><p>O dinamismo empresarial e a inova\u00e7\u00e3o tecnol\u00f3gica sempre caracterizaram os neg\u00f3cios da empresa, estabelecendo-a rapidamente no mercado com embarca\u00e7\u00f5es de alta qualidade e tecnologicamente avan\u00e7adas.<\/p>\t\t\t\t\t\t\t\t<\/div>\n\t\t\t\t<\/div>\n\t\t\t\t<div class=\"elementor-element elementor-element-d9ae4ba elementor-widget elementor-widget-spacer\" data-id=\"d9ae4ba\" data-element_type=\"widget\" data-e-type=\"widget\" data-widget_type=\"spacer.default\">\n\t\t\t\t<div class=\"elementor-widget-container\">\n\t\t\t\t\t\t\t<div class=\"elementor-spacer\">\n\t\t\t<div class=\"elementor-spacer-inner\"><\/div>\n\t\t<\/div>\n\t\t\t\t\t\t<\/div>\n\t\t\t\t<\/div>\n\t\t\t\t\t<\/div>\n\t\t\t\t<\/div>\n\t\t<div class=\"elementor-element elementor-element-a15ebe1 e-con-full e-flex e-con e-parent\" data-id=\"a15ebe1\" data-element_type=\"container\" data-e-type=\"container\" data-settings=\"{&quot;background_background&quot;:&quot;classic&quot;}\">\n\t\t<div class=\"elementor-element elementor-element-23f7687 e-con-full e-flex e-con e-child\" data-id=\"23f7687\" data-element_type=\"container\" data-e-type=\"container\" data-settings=\"{&quot;background_background&quot;:&quot;classic&quot;}\">\n\t\t\t\t<\/div>\n\t\t<div class=\"elementor-element elementor-element-7996e5b e-con-full e-flex e-con e-child\" data-id=\"7996e5b\" data-element_type=\"container\" data-e-type=\"container\">\n\t\t\t\t<div class=\"elementor-element elementor-element-b09c04f elementor-widget elementor-widget-heading\" data-id=\"b09c04f\" data-element_type=\"widget\" data-e-type=\"widget\" data-widget_type=\"heading.default\">\n\t\t\t\t<div class=\"elementor-widget-container\">\n\t\t\t\t\t<h5 class=\"elementor-heading-title elementor-size-default\">Tecnologias inovadoras derivadas da aeron\u00e1utica <\/h5>\t\t\t\t<\/div>\n\t\t\t\t<\/div>\n\t\t\t\t<div class=\"elementor-element elementor-element-bbcdc51 elementor-widget elementor-widget-text-editor\" data-id=\"bbcdc51\" data-element_type=\"widget\" data-e-type=\"widget\" data-widget_type=\"text-editor.default\">\n\t\t\t\t<div class=\"elementor-widget-container\">\n\t\t\t\t\t\t\t\t\t<p>Aplicado amplamente pela primeira vez no setor de embarca\u00e7\u00f5es de recreio.<\/p><p>Isso nos permitiu obter excelente navegabilidade, manobrabilidade excepcional, melhor desempenho, maior resist\u00eancia estrutural, menor peso e menor consumo de combust\u00edvel.<\/p>\t\t\t\t\t\t\t\t<\/div>\n\t\t\t\t<\/div>\n\t\t\t\t<\/div>\n\t\t\t\t<\/div>\n\t\t<div class=\"elementor-element elementor-element-ce208b4 e-con-full e-flex e-con e-parent\" data-id=\"ce208b4\" data-element_type=\"container\" data-e-type=\"container\" data-settings=\"{&quot;background_background&quot;:&quot;classic&quot;}\">\n\t\t<div class=\"elementor-element elementor-element-bb85e75 e-con-full e-flex e-con e-child\" data-id=\"bb85e75\" data-element_type=\"container\" data-e-type=\"container\">\n\t\t\t\t<div class=\"elementor-element elementor-element-837119b elementor-widget elementor-widget-heading\" data-id=\"837119b\" data-element_type=\"widget\" data-e-type=\"widget\" data-widget_type=\"heading.default\">\n\t\t\t\t<div class=\"elementor-widget-container\">\n\t\t\t\t\t<h5 class=\"elementor-heading-title elementor-size-default\">Respons\u00e1vel por todo o ciclo de produ\u00e7\u00e3o. <\/h5>\t\t\t\t<\/div>\n\t\t\t\t<\/div>\n\t\t\t\t<div class=\"elementor-element elementor-element-234904b elementor-widget elementor-widget-text-editor\" data-id=\"234904b\" data-element_type=\"widget\" data-e-type=\"widget\" data-widget_type=\"text-editor.default\">\n\t\t\t\t<div class=\"elementor-widget-container\">\n\t\t\t\t\t\t\t\t\t<p>Resultado de uma pol\u00edtica cuidadosa de investimento e pesquisa que nos permitiu otimizar todas as fases do processo produtivo.<\/p><p>As tecnologias de produ\u00e7\u00e3o mais avan\u00e7adas nos permitem cuidar de tudo, desde o desenvolvimento do projeto at\u00e9 os testes em tanques.<\/p>\t\t\t\t\t\t\t\t<\/div>\n\t\t\t\t<\/div>\n\t\t\t\t<\/div>\n\t\t<div class=\"elementor-element elementor-element-0fc593b e-con-full e-flex e-con e-child\" data-id=\"0fc593b\" data-element_type=\"container\" data-e-type=\"container\" data-settings=\"{&quot;background_background&quot;:&quot;classic&quot;}\">\n\t\t\t\t<\/div>\n\t\t\t\t<\/div>\n\t\t<div class=\"elementor-element elementor-element-18a76a5 e-con-full e-flex e-con e-parent\" data-id=\"18a76a5\" data-element_type=\"container\" data-e-type=\"container\" data-settings=\"{&quot;background_background&quot;:&quot;classic&quot;}\">\n\t\t<div class=\"elementor-element elementor-element-d59d097 e-con-full e-flex e-con e-child\" data-id=\"d59d097\" data-element_type=\"container\" data-e-type=\"container\" data-settings=\"{&quot;background_background&quot;:&quot;classic&quot;}\">\n\t\t\t\t<\/div>\n\t\t<div class=\"elementor-element elementor-element-0dd1e79 e-con-full e-flex e-con e-child\" data-id=\"0dd1e79\" data-element_type=\"container\" data-e-type=\"container\">\n\t\t\t\t<div class=\"elementor-element elementor-element-741dffd elementor-widget elementor-widget-heading\" data-id=\"741dffd\" data-element_type=\"widget\" data-e-type=\"widget\" data-widget_type=\"heading.default\">\n\t\t\t\t<div class=\"elementor-widget-container\">\n\t\t\t\t\t<h5 class=\"elementor-heading-title elementor-size-default\">Planejamento cuidadoso e pesquisa qualitativa <\/h5>\t\t\t\t<\/div>\n\t\t\t\t<\/div>\n\t\t\t\t<div class=\"elementor-element elementor-element-b193b55 elementor-widget elementor-widget-text-editor\" data-id=\"b193b55\" data-element_type=\"widget\" data-e-type=\"widget\" data-widget_type=\"text-editor.default\">\n\t\t\t\t<div class=\"elementor-widget-container\">\n\t\t\t\t\t\t\t\t\t<p>Os barcos nascem de um design rigoroso, alcan\u00e7ado atrav\u00e9s da utiliza\u00e7\u00e3o de software sofisticado e de uma pesquisa cont\u00ednua sobre tend\u00eancias de estilo.<\/p><p>Nossa linha de barcos \u00e9 esteticamente bela, possui qualidades de navega\u00e7\u00e3o excepcionais, espa\u00e7o habit\u00e1vel surpreendente e um alto n\u00edvel de conhecimento t\u00e9cnico.<\/p>\t\t\t\t\t\t\t\t<\/div>\n\t\t\t\t<\/div>\n\t\t\t\t<\/div>\n\t\t\t\t<\/div>\n\t\t<div class=\"elementor-element elementor-element-3b2d3ff e-flex e-con-boxed e-con e-parent\" data-id=\"3b2d3ff\" data-element_type=\"container\" data-e-type=\"container\">\n\t\t\t\t\t<div class=\"e-con-inner\">\n\t\t\t\t<div class=\"elementor-element elementor-element-25f6c46 elementor-widget elementor-widget-spacer\" data-id=\"25f6c46\" data-element_type=\"widget\" data-e-type=\"widget\" data-widget_type=\"spacer.default\">\n\t\t\t\t<div class=\"elementor-widget-container\">\n\t\t\t\t\t\t\t<div class=\"elementor-spacer\">\n\t\t\t<div class=\"elementor-spacer-inner\"><\/div>\n\t\t<\/div>\n\t\t\t\t\t\t<\/div>\n\t\t\t\t<\/div>\n\t\t\t\t\t<\/div>\n\t\t\t\t<\/div>\n\t\t<div class=\"elementor-element elementor-element-b5f0843 e-flex e-con-boxed e-con e-parent\" data-id=\"b5f0843\" data-element_type=\"container\" data-e-type=\"container\">\n\t\t\t\t\t<div class=\"e-con-inner\">\n\t\t\t\t<div class=\"elementor-element elementor-element-901643a elementor-widget__width-initial elementor-widget elementor-widget-text-editor\" data-id=\"901643a\" data-element_type=\"widget\" data-e-type=\"widget\" data-widget_type=\"text-editor.default\">\n\t\t\t\t<div class=\"elementor-widget-container\">\n\t\t\t\t\t\t\t\t\t<p>A Nautica Salpa est\u00e1 agora colhendo os frutos de uma pol\u00edtica de investimento e pesquisa criteriosa, focada em um produto de alta qualidade a um pre\u00e7o competitivo, alcan\u00e7ado pela otimiza\u00e7\u00e3o de cada etapa do processo de produ\u00e7\u00e3o.<\/p><p>Os barcos Salpa s\u00e3o o resultado de pesquisa e desenvolvimento realizados pelo escrit\u00f3rio t\u00e9cnico em colabora\u00e7\u00e3o com o Departamento de Engenharia de Materiais Comp\u00f3sitos da Universidade de N\u00e1poles Federico II.<\/p>\t\t\t\t\t\t\t\t<\/div>\n\t\t\t\t<\/div>\n\t\t\t\t<div class=\"elementor-element elementor-element-d0cb530 elementor-widget elementor-widget-spacer\" data-id=\"d0cb530\" data-element_type=\"widget\" data-e-type=\"widget\" data-widget_type=\"spacer.default\">\n\t\t\t\t<div class=\"elementor-widget-container\">\n\t\t\t\t\t\t\t<div class=\"elementor-spacer\">\n\t\t\t<div class=\"elementor-spacer-inner\"><\/div>\n\t\t<\/div>\n\t\t\t\t\t\t<\/div>\n\t\t\t\t<\/div>\n\t\t\t\t\t<\/div>\n\t\t\t\t<\/div>\n\t\t\t\t<\/div>","protected":false},"excerpt":{"rendered":"<p>Oltre quarant\u2019anni di esperienza nel settore Nautica Salpa nasce nel 1984, raccogliendo l\u2019esperienza maturata da oltre quarant&#8217;anni da Antonio ed Enza Pane nel settore delle imbarcazioni da diporto. Dinamicit\u00e0 imprenditoriale ed innovazione tecnologica sono gli elementi che da sempre hanno caratterizzato l\u2019attivit\u00e0 dell\u2019azienda determinandone in breve tempo l\u2019affermazione sul mercato con imbarcazioni di alto livello [&hellip;]<\/p>\n","protected":false},"author":4,"featured_media":0,"parent":0,"menu_order":0,"comment_status":"closed","ping_status":"closed","template":"elementor_header_footer","meta":{"_acf_changed":false,"footnotes":""},"class_list":["post-166","page","type-page","status-publish","hentry"],"acf":[],"yoast_head":"<!-- This site is optimized with the Yoast SEO plugin v27.4 - https:\/\/yoast.com\/product\/yoast-seo-wordpress\/ -->\n<title>Cantiere - Salpa Yachts<\/title>\n<meta name=\"description\" content=\"Oltre quarant\u2019anni di esperienza nel settore Nautica Salpa nasce nel 1984, raccogliendo l\u2019esperienza maturata da oltre quarant&#039;anni da Antonio ed Enza\" \/>\n<meta name=\"robots\" content=\"index, follow, max-snippet:-1, max-image-preview:large, max-video-preview:-1\" \/>\n<link rel=\"canonical\" href=\"https:\/\/www.salpa.com\/pt\/local-de-trabalho\/\" \/>\n<meta property=\"og:locale\" content=\"pt_PT\" \/>\n<meta property=\"og:type\" content=\"article\" \/>\n<meta property=\"og:title\" content=\"Cantiere - Salpa Yachts\" \/>\n<meta property=\"og:description\" content=\"Oltre quarant\u2019anni di esperienza nel settore Nautica Salpa nasce nel 1984, raccogliendo l\u2019esperienza maturata da oltre quarant&#039;anni da Antonio ed Enza\" \/>\n<meta property=\"og:url\" content=\"https:\/\/www.salpa.com\/pt\/local-de-trabalho\/\" \/>\n<meta property=\"og:site_name\" content=\"Salpa Yachts\" \/>\n<meta property=\"article:publisher\" content=\"https:\/\/www.facebook.com\/nauticasalpa\" \/>\n<meta property=\"article:modified_time\" content=\"2024-03-28T11:19:15+00:00\" \/>\n<meta name=\"twitter:card\" content=\"summary_large_image\" \/>\n<meta name=\"twitter:label1\" content=\"Est. reading time\" \/>\n\t<meta name=\"twitter:data1\" content=\"2 minutos\" \/>\n<script type=\"application\/ld+json\" class=\"yoast-schema-graph\">{\"@context\":\"https:\\\/\\\/schema.org\",\"@graph\":[{\"@type\":\"WebPage\",\"@id\":\"https:\\\/\\\/www.salpa.com\\\/cantiere\\\/\",\"url\":\"https:\\\/\\\/www.salpa.com\\\/cantiere\\\/\",\"name\":\"Cantiere - Salpa Yachts\",\"isPartOf\":{\"@id\":\"https:\\\/\\\/www.salpa.com\\\/#website\"},\"datePublished\":\"2023-10-15T11:10:50+00:00\",\"dateModified\":\"2024-03-28T11:19:15+00:00\",\"description\":\"Oltre quarant\u2019anni di esperienza nel settore Nautica Salpa nasce nel 1984, raccogliendo l\u2019esperienza maturata da oltre quarant'anni da Antonio ed Enza\",\"breadcrumb\":{\"@id\":\"https:\\\/\\\/www.salpa.com\\\/cantiere\\\/#breadcrumb\"},\"inLanguage\":\"pt-PT\",\"potentialAction\":[{\"@type\":\"ReadAction\",\"target\":[\"https:\\\/\\\/www.salpa.com\\\/cantiere\\\/\"]}]},{\"@type\":\"BreadcrumbList\",\"@id\":\"https:\\\/\\\/www.salpa.com\\\/cantiere\\\/#breadcrumb\",\"itemListElement\":[{\"@type\":\"ListItem\",\"position\":1,\"name\":\"Home\",\"item\":\"https:\\\/\\\/www.salpa.com\\\/\"},{\"@type\":\"ListItem\",\"position\":2,\"name\":\"Cantiere\"}]},{\"@type\":\"WebSite\",\"@id\":\"https:\\\/\\\/www.salpa.com\\\/#website\",\"url\":\"https:\\\/\\\/www.salpa.com\\\/\",\"name\":\"Salpa Yachts\",\"description\":\"Naviga verso l&#039;avventura con Salpa Yachts!\",\"publisher\":{\"@id\":\"https:\\\/\\\/www.salpa.com\\\/#organization\"},\"alternateName\":\"Nautica Salpa srl\",\"potentialAction\":[{\"@type\":\"SearchAction\",\"target\":{\"@type\":\"EntryPoint\",\"urlTemplate\":\"https:\\\/\\\/www.salpa.com\\\/?s={search_term_string}\"},\"query-input\":{\"@type\":\"PropertyValueSpecification\",\"valueRequired\":true,\"valueName\":\"search_term_string\"}}],\"inLanguage\":\"pt-PT\"},{\"@type\":\"Organization\",\"@id\":\"https:\\\/\\\/www.salpa.com\\\/#organization\",\"name\":\"Salpa Yachts\",\"alternateName\":\"Nautica Salpa srl\",\"url\":\"https:\\\/\\\/www.salpa.com\\\/\",\"logo\":{\"@type\":\"ImageObject\",\"inLanguage\":\"pt-PT\",\"@id\":\"https:\\\/\\\/www.salpa.com\\\/#\\\/schema\\\/logo\\\/image\\\/\",\"url\":\"https:\\\/\\\/www.salpa.com\\\/wp-content\\\/uploads\\\/2023\\\/11\\\/salpa-logo-new.png\",\"contentUrl\":\"https:\\\/\\\/www.salpa.com\\\/wp-content\\\/uploads\\\/2023\\\/11\\\/salpa-logo-new.png\",\"width\":1207,\"height\":417,\"caption\":\"Salpa Yachts\"},\"image\":{\"@id\":\"https:\\\/\\\/www.salpa.com\\\/#\\\/schema\\\/logo\\\/image\\\/\"},\"sameAs\":[\"https:\\\/\\\/www.facebook.com\\\/nauticasalpa\",\"https:\\\/\\\/www.instagram.com\\\/salpa_yachts\\\/\",\"https:\\\/\\\/www.youtube.com\\\/@SalpaYachts\"]}]}<\/script>\n<!-- \/ Yoast SEO plugin. -->","yoast_head_json":{"title":"Estaleiro - Salpa Yachts","description":"Com mais de quarenta anos de experi\u00eancia no setor n\u00e1utico, a Salpa foi fundada em 1984, reunindo a experi\u00eancia adquirida ao longo de quarenta anos por Antonio e Enza.","robots":{"index":"index","follow":"follow","max-snippet":"max-snippet:-1","max-image-preview":"max-image-preview:large","max-video-preview":"max-video-preview:-1"},"canonical":"https:\/\/www.salpa.com\/pt\/local-de-trabalho\/","og_locale":"pt_PT","og_type":"article","og_title":"Cantiere - Salpa Yachts","og_description":"Oltre quarant\u2019anni di esperienza nel settore Nautica Salpa nasce nel 1984, raccogliendo l\u2019esperienza maturata da oltre quarant'anni da Antonio ed Enza","og_url":"https:\/\/www.salpa.com\/pt\/local-de-trabalho\/","og_site_name":"Salpa Yachts","article_publisher":"https:\/\/www.facebook.com\/nauticasalpa","article_modified_time":"2024-03-28T11:19:15+00:00","twitter_card":"summary_large_image","twitter_misc":{"Est. reading time":"2 minutos"},"schema":{"@context":"https:\/\/schema.org","@graph":[{"@type":"WebPage","@id":"https:\/\/www.salpa.com\/cantiere\/","url":"https:\/\/www.salpa.com\/cantiere\/","name":"Estaleiro - Salpa Yachts","isPartOf":{"@id":"https:\/\/www.salpa.com\/#website"},"datePublished":"2023-10-15T11:10:50+00:00","dateModified":"2024-03-28T11:19:15+00:00","description":"Com mais de quarenta anos de experi\u00eancia no setor n\u00e1utico, a Salpa foi fundada em 1984, reunindo a experi\u00eancia adquirida ao longo de quarenta anos por Antonio e Enza.","breadcrumb":{"@id":"https:\/\/www.salpa.com\/cantiere\/#breadcrumb"},"inLanguage":"pt-PT","potentialAction":[{"@type":"ReadAction","target":["https:\/\/www.salpa.com\/cantiere\/"]}]},{"@type":"BreadcrumbList","@id":"https:\/\/www.salpa.com\/cantiere\/#breadcrumb","itemListElement":[{"@type":"ListItem","position":1,"name":"Home","item":"https:\/\/www.salpa.com\/"},{"@type":"ListItem","position":2,"name":"Cantiere"}]},{"@type":"WebSite","@id":"https:\/\/www.salpa.com\/#website","url":"https:\/\/www.salpa.com\/","name":"Iates Salpa","description":"Navegue rumo \u00e0 aventura com a Salpa Yachts!","publisher":{"@id":"https:\/\/www.salpa.com\/#organization"},"alternateName":"Nautica Salpa srl","potentialAction":[{"@type":"SearchAction","target":{"@type":"EntryPoint","urlTemplate":"https:\/\/www.salpa.com\/?s={search_term_string}"},"query-input":{"@type":"PropertyValueSpecification","valueRequired":true,"valueName":"search_term_string"}}],"inLanguage":"pt-PT"},{"@type":"Organization","@id":"https:\/\/www.salpa.com\/#organization","name":"Iates Salpa","alternateName":"Nautica Salpa srl","url":"https:\/\/www.salpa.com\/","logo":{"@type":"ImageObject","inLanguage":"pt-PT","@id":"https:\/\/www.salpa.com\/#\/schema\/logo\/image\/","url":"https:\/\/www.salpa.com\/wp-content\/uploads\/2023\/11\/salpa-logo-new.png","contentUrl":"https:\/\/www.salpa.com\/wp-content\/uploads\/2023\/11\/salpa-logo-new.png","width":1207,"height":417,"caption":"Salpa Yachts"},"image":{"@id":"https:\/\/www.salpa.com\/#\/schema\/logo\/image\/"},"sameAs":["https:\/\/www.facebook.com\/nauticasalpa","https:\/\/www.instagram.com\/salpa_yachts\/","https:\/\/www.youtube.com\/@SalpaYachts"]}]}},"_links":{"self":[{"href":"https:\/\/www.salpa.com\/pt\/wp-json\/wp\/v2\/pages\/166","targetHints":{"allow":["GET"]}}],"collection":[{"href":"https:\/\/www.salpa.com\/pt\/wp-json\/wp\/v2\/pages"}],"about":[{"href":"https:\/\/www.salpa.com\/pt\/wp-json\/wp\/v2\/types\/page"}],"author":[{"embeddable":true,"href":"https:\/\/www.salpa.com\/pt\/wp-json\/wp\/v2\/users\/4"}],"replies":[{"embeddable":true,"href":"https:\/\/www.salpa.com\/pt\/wp-json\/wp\/v2\/comments?post=166"}],"version-history":[{"count":58,"href":"https:\/\/www.salpa.com\/pt\/wp-json\/wp\/v2\/pages\/166\/revisions"}],"predecessor-version":[{"id":2221,"href":"https:\/\/www.salpa.com\/pt\/wp-json\/wp\/v2\/pages\/166\/revisions\/2221"}],"wp:attachment":[{"href":"https:\/\/www.salpa.com\/pt\/wp-json\/wp\/v2\/media?parent=166"}],"curies":[{"name":"wp","href":"https:\/\/api.w.org\/{rel}","templated":true}]}}