{"id":1427,"date":"2023-11-29T11:55:01","date_gmt":"2023-11-29T11:55:01","guid":{"rendered":"https:\/\/staging.salpa.com\/?page_id=1427"},"modified":"2023-11-29T12:01:28","modified_gmt":"2023-11-29T12:01:28","slug":"gizlilik-politikasi-2","status":"publish","type":"page","link":"https:\/\/www.salpa.com\/tr\/gizlilik-politikasi-2\/","title":{"rendered":"Gizlilik Politikas\u0131"},"content":{"rendered":"<div data-elementor-type=\"wp-page\" data-elementor-id=\"1427\" class=\"elementor elementor-1427\" data-elementor-post-type=\"page\">\n\t\t\t\t<div class=\"elementor-element elementor-element-4e9a444 e-flex e-con-boxed e-con e-parent\" data-id=\"4e9a444\" data-element_type=\"container\" data-e-type=\"container\">\n\t\t\t\t\t<div class=\"e-con-inner\">\n\t\t\t\t<div class=\"elementor-element elementor-element-67d400b elementor-widget elementor-widget-text-editor\" data-id=\"67d400b\" data-element_type=\"widget\" data-e-type=\"widget\" data-widget_type=\"text-editor.default\">\n\t\t\t\t<div class=\"elementor-widget-container\">\n\t\t\t\t\t\t\t\t\t<div class=\"results__agreement-preview\" data-v-11b4eedd=\"\" data-v-164ff72a=\"\"><h4>Gizlilik Politikas\u0131<\/h4><p>Salpa.com web sitesi, ki\u015fisel verilerinizin i\u015flenmesinden sorumlu olan Nautica Salpa srl \u015firketine aittir.<\/p><p>Nautica Salpa taraf\u0131ndan toplanan bilgilerin i\u015flenmesini ve sizinle ilgili belirli ki\u015fisel verilerin toplanma nedenlerini d\u00fczenleyen bu gizlilik politikas\u0131n\u0131 benimsedik. Bu nedenle, Nautica Salpa web sitesini kullanmadan \u00f6nce bu gizlilik politikas\u0131n\u0131 okuman\u0131z gerekmektedir.<\/p><p>Ki\u015fisel verilerinizi i\u015fliyor, gizlili\u011fini ve g\u00fcvenli\u011fini garanti ediyoruz.<\/p><h4>Toplanan ki\u015fisel bilgiler:<\/h4><p>Nautica Salpa&#039;y\u0131 ziyaret etti\u011finizde, web taray\u0131c\u0131n\u0131z, IP adresiniz, saat diliminiz ve cihaz\u0131n\u0131za y\u00fcklenen \u00e7erezler dahil olmak \u00fczere cihaz\u0131n\u0131z hakk\u0131nda belirli bilgileri otomatik olarak toplar\u0131z. Ayr\u0131ca, sitede gezinirken, g\u00f6r\u00fcnt\u00fcledi\u011finiz web sayfalar\u0131 veya \u00fcr\u00fcnler, sizi siteye y\u00f6nlendiren web siteleri veya arama terimleri ve siteyle nas\u0131l etkile\u015fim kurdu\u011funuz hakk\u0131nda bilgi toplar\u0131z. Otomatik olarak toplanan bu bilgilere &quot;cihaz bilgileri&quot; diyoruz. Ayr\u0131ca, s\u00f6zle\u015fmeyi yerine getirmek i\u00e7in kay\u0131t s\u0131ras\u0131nda bize sa\u011flad\u0131\u011f\u0131n\u0131z ki\u015fisel verileri (ad\u0131n\u0131z, adresiniz, \u00f6deme bilgileriniz vb. dahil ancak bunlarla s\u0131n\u0131rl\u0131 olmamak \u00fczere) toplayabiliriz.<\/p><h4>Verileri neden i\u015fliyoruz?<\/h4><p>M\u00fc\u015fteri verilerimizin g\u00fcvenli\u011fi \u00f6nceli\u011fimizdir, bu nedenle yaln\u0131zca sitenin i\u015fleyi\u015fi i\u00e7in kesinlikle gerekli olan kullan\u0131c\u0131 verilerini i\u015fleriz. Otomatik olarak toplanan bilgiler, yaln\u0131zca olas\u0131 suistimal vakalar\u0131n\u0131 tespit etmek ve site kullan\u0131m\u0131na ili\u015fkin istatistikler olu\u015fturmak i\u00e7in kullan\u0131l\u0131r. Bu istatistiksel bilgiler, sistemin belirli bir kullan\u0131c\u0131s\u0131n\u0131 tan\u0131mlamak amac\u0131yla toplanmaz.<\/p><p>Siteyi, sizi ki\u015fisel olarak tan\u0131mlayabilecek hi\u00e7bir bilgi vermeden ziyaret edebilirsiniz. Ancak, sitenin baz\u0131 \u00f6zelliklerini kullanmak, b\u00fclten almak veya bir formu doldurarak ba\u015fka bilgiler sa\u011flamak isterseniz, e-posta adresiniz, ad\u0131n\u0131z, soyad\u0131n\u0131z, ikamet etti\u011finiz \u015fehir, kurulu\u015funuz ve telefon numaran\u0131z gibi ki\u015fisel verilerinizi vermeniz istenebilir. Ki\u015fisel verilerinizi vermemeyi tercih edebilirsiniz, ancak bunu yaparsan\u0131z sitenin baz\u0131 \u00f6zelliklerini kullanamazs\u0131n\u0131z. \u00d6rne\u011fin, b\u00fcltenimizi alamaz veya do\u011frudan site \u00fczerinden bizimle ileti\u015fime ge\u00e7emezsiniz. Hangi bilgilerin gerekli oldu\u011fundan emin olmayan kullan\u0131c\u0131lar info@salpa.com adresinden bizimle ileti\u015fime ge\u00e7ebilirler.<\/p><h4>Haklar\u0131n\u0131z:<\/h4><p>Avrupa Birli\u011fi\u2019nde ikamet ediyorsan\u0131z, ki\u015fisel verilerinizle ilgili olarak a\u015fa\u011f\u0131daki haklara sahipsiniz:<\/p><ul><li>Bilgi edinme hakk\u0131.<\/li><li>Eri\u015fim hakk\u0131.<\/li><li>De\u011fi\u015ftirme hakk\u0131.<\/li><li>Silme hakk\u0131.<\/li><li>\u0130\u015flemenin k\u0131s\u0131tlanmas\u0131 hakk\u0131.<\/li><li>Veri ta\u015f\u0131nabilirli\u011fi hakk\u0131.<\/li><li>\u0130tiraz hakk\u0131.<\/li><li>Otomatik karar alma ve profilleme hakk\u0131.<\/li><\/ul><p>Bu haklar\u0131n\u0131z\u0131 kullanmak i\u00e7in l\u00fctfen a\u015fa\u011f\u0131daki ileti\u015fim bilgilerimizden bize ula\u015f\u0131n.<\/p><p>Ayr\u0131ca, Avrupa Birli\u011fi vatanda\u015f\u0131ysan\u0131z, sizinle s\u00f6zle\u015fmeler yapmak (\u00f6rne\u011fin, site \u00fczerinden sipari\u015f vermeniz durumunda) veya yukar\u0131da belirtilen me\u015fru ticari \u00e7\u0131karlar\u0131m\u0131z\u0131 yerine getirmek i\u00e7in bilgilerinizi i\u015fleriz. Ayr\u0131ca, bilgilerinizin Kanada ve Amerika Birle\u015fik Devletleri de dahil olmak \u00fczere Avrupa d\u0131\u015f\u0131na aktar\u0131labilece\u011fini l\u00fctfen unutmay\u0131n.<\/p><h4>Di\u011fer sitelere ba\u011flant\u0131lar:<\/h4><p>Sitemiz, taraf\u0131m\u0131zca i\u015fletilmeyen veya kontrol edilmeyen di\u011fer sitelere ba\u011flant\u0131lar i\u00e7erebilir. L\u00fctfen di\u011fer sitelerin veya \u00fc\u00e7\u00fcnc\u00fc taraflar\u0131n gizlilik uygulamalar\u0131ndan sorumlu olmad\u0131\u011f\u0131m\u0131z\u0131 unutmay\u0131n. Sitemizden ayr\u0131l\u0131rken dikkatli olman\u0131z\u0131 ve ki\u015fisel bilgi toplayabilecek her sitenin gizlilik bildirimlerini okuman\u0131z\u0131 \u00f6neririz.<\/p><h4>Bilgi G\u00fcvenli\u011fi:<\/h4><p>Sa\u011flad\u0131\u011f\u0131n\u0131z bilgileri, yetkisiz eri\u015fim, kullan\u0131m veya if\u015faya kar\u015f\u0131 korunan g\u00fcvenli bir ortam olan kontroll\u00fc bilgisayar sunucular\u0131nda koruyoruz. Saklad\u0131\u011f\u0131m\u0131z ki\u015fisel bilgilerin yetkisiz eri\u015fim, kullan\u0131m, de\u011fi\u015fiklik ve if\u015fas\u0131na kar\u015f\u0131 korunmas\u0131 i\u00e7in makul fiziksel, teknik ve idari g\u00fcvenlik \u00f6nlemleri uyguluyoruz. Ancak, internet veya kablosuz a\u011f \u00fczerinden yap\u0131lan hi\u00e7bir veri iletiminin tamamen g\u00fcvenli oldu\u011fu garanti edilemez.<\/p><h4>Yasal uyar\u0131:<\/h4><p>Mahkeme emirlerine veya benzeri yasal i\u015flemlere uymak gibi yasalarca gerekli veya izin verildi\u011fi takdirde, ayr\u0131ca haklar\u0131m\u0131z\u0131 korumak, sizin veya ba\u015fkalar\u0131n\u0131n g\u00fcvenli\u011fini sa\u011flamak, doland\u0131r\u0131c\u0131l\u0131\u011f\u0131 ara\u015ft\u0131rmak veya resmi taleplere yan\u0131t vermek i\u00e7in if\u015fan\u0131n gerekli oldu\u011funa iyi niyetle inand\u0131\u011f\u0131m\u0131zda toplad\u0131\u011f\u0131m\u0131z, kulland\u0131\u011f\u0131m\u0131z veya ald\u0131\u011f\u0131m\u0131z bilgileri if\u015fa edece\u011fiz.<\/p><h4>\u0130leti\u015fim bilgileri:<\/h4><p>Bireysel haklar veya ki\u015fisel bilgilerle ilgili her t\u00fcrl\u00fc sorunuz i\u00e7in info@salpa.com adresine e-posta g\u00f6nderebilirsiniz.<\/p><\/div>\t\t\t\t\t\t\t\t<\/div>\n\t\t\t\t<\/div>\n\t\t\t\t\t<\/div>\n\t\t\t\t<\/div>\n\t\t\t\t<\/div>","protected":false},"excerpt":{"rendered":"<p>Politica sulla riservatezza Il sito Salpa.com \u00e8 di propriet\u00e0 di Nautica Salpa srl, titolare del trattamento dei Suoi dati personali. Abbiamo adottato questa politica sulla privacy, la quale determina il trattamento delle informazioni raccolte da Nautica Salpa, oltre che i motivi per raccolta di certi dati personali a Lei correlati. Pertanto, deve leggere questa politica [&hellip;]<\/p>\n","protected":false},"author":4,"featured_media":0,"parent":0,"menu_order":0,"comment_status":"closed","ping_status":"closed","template":"elementor_header_footer","meta":{"_acf_changed":false,"footnotes":""},"class_list":["post-1427","page","type-page","status-publish","hentry"],"acf":[],"yoast_head":"<!-- This site is optimized with the Yoast SEO plugin v27.4 - https:\/\/yoast.com\/product\/yoast-seo-wordpress\/ -->\n<title>Privacy Policy - Salpa Yachts<\/title>\n<meta name=\"description\" content=\"Politica sulla riservatezzaIl sito Salpa.com \u00e8 di propriet\u00e0 di Nautica Salpa srl, titolare del trattamento dei Suoi dati personali.Abbiamo adottato questa\" \/>\n<meta name=\"robots\" content=\"index, follow, max-snippet:-1, max-image-preview:large, max-video-preview:-1\" \/>\n<link rel=\"canonical\" href=\"https:\/\/www.salpa.com\/tr\/gizlilik-politikasi-2\/\" \/>\n<meta property=\"og:locale\" content=\"tr_TR\" \/>\n<meta property=\"og:type\" content=\"article\" \/>\n<meta property=\"og:title\" content=\"Privacy Policy - Salpa Yachts\" \/>\n<meta property=\"og:description\" content=\"Politica sulla riservatezzaIl sito Salpa.com \u00e8 di propriet\u00e0 di Nautica Salpa srl, titolare del trattamento dei Suoi dati personali.Abbiamo adottato questa\" \/>\n<meta property=\"og:url\" content=\"https:\/\/www.salpa.com\/tr\/gizlilik-politikasi-2\/\" \/>\n<meta property=\"og:site_name\" content=\"Salpa Yachts\" \/>\n<meta property=\"article:publisher\" content=\"https:\/\/www.facebook.com\/nauticasalpa\" \/>\n<meta property=\"article:modified_time\" content=\"2023-11-29T12:01:28+00:00\" \/>\n<meta name=\"twitter:card\" content=\"summary_large_image\" \/>\n<meta name=\"twitter:label1\" content=\"Tahmini okuma s\u00fcresi\" \/>\n\t<meta name=\"twitter:data1\" content=\"4 dakika\" \/>\n<script type=\"application\/ld+json\" class=\"yoast-schema-graph\">{\"@context\":\"https:\\\/\\\/schema.org\",\"@graph\":[{\"@type\":\"WebPage\",\"@id\":\"https:\\\/\\\/www.salpa.com\\\/privacy-policy-2\\\/\",\"url\":\"https:\\\/\\\/www.salpa.com\\\/privacy-policy-2\\\/\",\"name\":\"Privacy Policy - Salpa Yachts\",\"isPartOf\":{\"@id\":\"https:\\\/\\\/www.salpa.com\\\/#website\"},\"datePublished\":\"2023-11-29T11:55:01+00:00\",\"dateModified\":\"2023-11-29T12:01:28+00:00\",\"description\":\"Politica sulla riservatezzaIl sito Salpa.com \u00e8 di propriet\u00e0 di Nautica Salpa srl, titolare del trattamento dei Suoi dati personali.Abbiamo adottato questa\",\"breadcrumb\":{\"@id\":\"https:\\\/\\\/www.salpa.com\\\/privacy-policy-2\\\/#breadcrumb\"},\"inLanguage\":\"tr\",\"potentialAction\":[{\"@type\":\"ReadAction\",\"target\":[\"https:\\\/\\\/www.salpa.com\\\/privacy-policy-2\\\/\"]}]},{\"@type\":\"BreadcrumbList\",\"@id\":\"https:\\\/\\\/www.salpa.com\\\/privacy-policy-2\\\/#breadcrumb\",\"itemListElement\":[{\"@type\":\"ListItem\",\"position\":1,\"name\":\"Home\",\"item\":\"https:\\\/\\\/www.salpa.com\\\/\"},{\"@type\":\"ListItem\",\"position\":2,\"name\":\"Privacy Policy\"}]},{\"@type\":\"WebSite\",\"@id\":\"https:\\\/\\\/www.salpa.com\\\/#website\",\"url\":\"https:\\\/\\\/www.salpa.com\\\/\",\"name\":\"Salpa Yachts\",\"description\":\"Naviga verso l&#039;avventura con Salpa Yachts!\",\"publisher\":{\"@id\":\"https:\\\/\\\/www.salpa.com\\\/#organization\"},\"alternateName\":\"Nautica Salpa srl\",\"potentialAction\":[{\"@type\":\"SearchAction\",\"target\":{\"@type\":\"EntryPoint\",\"urlTemplate\":\"https:\\\/\\\/www.salpa.com\\\/?s={search_term_string}\"},\"query-input\":{\"@type\":\"PropertyValueSpecification\",\"valueRequired\":true,\"valueName\":\"search_term_string\"}}],\"inLanguage\":\"tr\"},{\"@type\":\"Organization\",\"@id\":\"https:\\\/\\\/www.salpa.com\\\/#organization\",\"name\":\"Salpa Yachts\",\"alternateName\":\"Nautica Salpa srl\",\"url\":\"https:\\\/\\\/www.salpa.com\\\/\",\"logo\":{\"@type\":\"ImageObject\",\"inLanguage\":\"tr\",\"@id\":\"https:\\\/\\\/www.salpa.com\\\/#\\\/schema\\\/logo\\\/image\\\/\",\"url\":\"https:\\\/\\\/www.salpa.com\\\/wp-content\\\/uploads\\\/2023\\\/11\\\/salpa-logo-new.png\",\"contentUrl\":\"https:\\\/\\\/www.salpa.com\\\/wp-content\\\/uploads\\\/2023\\\/11\\\/salpa-logo-new.png\",\"width\":1207,\"height\":417,\"caption\":\"Salpa Yachts\"},\"image\":{\"@id\":\"https:\\\/\\\/www.salpa.com\\\/#\\\/schema\\\/logo\\\/image\\\/\"},\"sameAs\":[\"https:\\\/\\\/www.facebook.com\\\/nauticasalpa\",\"https:\\\/\\\/www.instagram.com\\\/salpa_yachts\\\/\",\"https:\\\/\\\/www.youtube.com\\\/@SalpaYachts\"]}]}<\/script>\n<!-- \/ Yoast SEO plugin. -->","yoast_head_json":{"title":"Gizlilik Politikas\u0131 - Salpa Yatlar\u0131","description":"Gizlilik Politikas\u0131Salpa.com web sitesi, ki\u015fisel verilerinizin i\u015flenmesinden sorumlu olan Nautica Salpa srl&#039;ye aittir. Bunu benimsedik","robots":{"index":"index","follow":"follow","max-snippet":"max-snippet:-1","max-image-preview":"max-image-preview:large","max-video-preview":"max-video-preview:-1"},"canonical":"https:\/\/www.salpa.com\/tr\/gizlilik-politikasi-2\/","og_locale":"tr_TR","og_type":"article","og_title":"Privacy Policy - Salpa Yachts","og_description":"Politica sulla riservatezzaIl sito Salpa.com \u00e8 di propriet\u00e0 di Nautica Salpa srl, titolare del trattamento dei Suoi dati personali.Abbiamo adottato questa","og_url":"https:\/\/www.salpa.com\/tr\/gizlilik-politikasi-2\/","og_site_name":"Salpa Yachts","article_publisher":"https:\/\/www.facebook.com\/nauticasalpa","article_modified_time":"2023-11-29T12:01:28+00:00","twitter_card":"summary_large_image","twitter_misc":{"Tahmini okuma s\u00fcresi":"4 dakika"},"schema":{"@context":"https:\/\/schema.org","@graph":[{"@type":"WebPage","@id":"https:\/\/www.salpa.com\/privacy-policy-2\/","url":"https:\/\/www.salpa.com\/privacy-policy-2\/","name":"Gizlilik Politikas\u0131 - Salpa Yatlar\u0131","isPartOf":{"@id":"https:\/\/www.salpa.com\/#website"},"datePublished":"2023-11-29T11:55:01+00:00","dateModified":"2023-11-29T12:01:28+00:00","description":"Gizlilik Politikas\u0131Salpa.com web sitesi, ki\u015fisel verilerinizin i\u015flenmesinden sorumlu olan Nautica Salpa srl&#039;ye aittir. Bunu benimsedik","breadcrumb":{"@id":"https:\/\/www.salpa.com\/privacy-policy-2\/#breadcrumb"},"inLanguage":"tr","potentialAction":[{"@type":"ReadAction","target":["https:\/\/www.salpa.com\/privacy-policy-2\/"]}]},{"@type":"BreadcrumbList","@id":"https:\/\/www.salpa.com\/privacy-policy-2\/#breadcrumb","itemListElement":[{"@type":"ListItem","position":1,"name":"Home","item":"https:\/\/www.salpa.com\/"},{"@type":"ListItem","position":2,"name":"Privacy Policy"}]},{"@type":"WebSite","@id":"https:\/\/www.salpa.com\/#website","url":"https:\/\/www.salpa.com\/","name":"Salpa Yatlar\u0131","description":"Salpa Yatlar\u0131 ile maceraya do\u011fru yelken a\u00e7\u0131n!","publisher":{"@id":"https:\/\/www.salpa.com\/#organization"},"alternateName":"Nautica Salpa srl","potentialAction":[{"@type":"SearchAction","target":{"@type":"EntryPoint","urlTemplate":"https:\/\/www.salpa.com\/?s={search_term_string}"},"query-input":{"@type":"PropertyValueSpecification","valueRequired":true,"valueName":"search_term_string"}}],"inLanguage":"tr"},{"@type":"Organization","@id":"https:\/\/www.salpa.com\/#organization","name":"Salpa Yatlar\u0131","alternateName":"Nautica Salpa srl","url":"https:\/\/www.salpa.com\/","logo":{"@type":"ImageObject","inLanguage":"tr","@id":"https:\/\/www.salpa.com\/#\/schema\/logo\/image\/","url":"https:\/\/www.salpa.com\/wp-content\/uploads\/2023\/11\/salpa-logo-new.png","contentUrl":"https:\/\/www.salpa.com\/wp-content\/uploads\/2023\/11\/salpa-logo-new.png","width":1207,"height":417,"caption":"Salpa Yachts"},"image":{"@id":"https:\/\/www.salpa.com\/#\/schema\/logo\/image\/"},"sameAs":["https:\/\/www.facebook.com\/nauticasalpa","https:\/\/www.instagram.com\/salpa_yachts\/","https:\/\/www.youtube.com\/@SalpaYachts"]}]}},"_links":{"self":[{"href":"https:\/\/www.salpa.com\/tr\/wp-json\/wp\/v2\/pages\/1427","targetHints":{"allow":["GET"]}}],"collection":[{"href":"https:\/\/www.salpa.com\/tr\/wp-json\/wp\/v2\/pages"}],"about":[{"href":"https:\/\/www.salpa.com\/tr\/wp-json\/wp\/v2\/types\/page"}],"author":[{"embeddable":true,"href":"https:\/\/www.salpa.com\/tr\/wp-json\/wp\/v2\/users\/4"}],"replies":[{"embeddable":true,"href":"https:\/\/www.salpa.com\/tr\/wp-json\/wp\/v2\/comments?post=1427"}],"version-history":[{"count":7,"href":"https:\/\/www.salpa.com\/tr\/wp-json\/wp\/v2\/pages\/1427\/revisions"}],"predecessor-version":[{"id":1435,"href":"https:\/\/www.salpa.com\/tr\/wp-json\/wp\/v2\/pages\/1427\/revisions\/1435"}],"wp:attachment":[{"href":"https:\/\/www.salpa.com\/tr\/wp-json\/wp\/v2\/media?parent=1427"}],"curies":[{"name":"wp","href":"https:\/\/api.w.org\/{rel}","templated":true}]}}